{"id":69,"date":"2016-11-27T13:53:28","date_gmt":"2016-11-27T13:53:28","guid":{"rendered":"http:\/\/www.famillejospin.ch\/laurentvalentin\/?page_id=69"},"modified":"2017-03-26T21:50:24","modified_gmt":"2017-03-26T21:50:24","slug":"portfolio-illustration","status":"publish","type":"page","link":"https:\/\/www.famillejospin.ch\/laurentvalentin\/index.php\/portfolio-illustration\/","title":{"rendered":"Portfolio &#8211; illustration"},"content":{"rendered":"<p style=\"text-align: center;\"><img loading=\"lazy\" src=\"http:\/\/www.famillejospin.ch\/laurentvalentin\/wp-content\/uploads\/2017\/03\/redmandrake_sml.jpg\" alt=\"Mandragore rouge\" width=\"722\" height=\"800\" \/>Mandragore rouge<\/p>\n<p style=\"text-align: center;\"><img loading=\"lazy\" class=\"alignnone size-medium\" src=\"http:\/\/www.famillejospin.ch\/laurentvalentin\/wp-content\/uploads\/2017\/03\/sous_de_noires frondaisons_sml.jpg\" width=\"800\" height=\"603\" \/>Chemin sous les arbres<\/p>\n<p style=\"text-align: center;\"><img loading=\"lazy\" class=\"alignnone size-medium\" src=\"http:\/\/www.famillejospin.ch\/laurentvalentin\/wp-content\/uploads\/2017\/03\/cite_sml.jpg\" width=\"800\" height=\"516\" \/>Cit\u00e9<\/p>\n<p><img loading=\"lazy\" class=\"alignnone size-medium\" src=\"http:\/\/www.famillejospin.ch\/laurentvalentin\/wp-content\/uploads\/2017\/03\/cristal_night_small_sml.jpg\" width=\"566\" height=\"800\" \/><\/p>\n<div align=\"center\">Nuit de cristal<\/div>\n<p>&nbsp;<\/p>\n<p><img loading=\"lazy\" class=\"alignnone size-medium\" src=\"http:\/\/www.famillejospin.ch\/laurentvalentin\/wp-content\/uploads\/2017\/03\/sorciere_au_coeur brise_sml.jpg\" width=\"541\" height=\"800\" \/><\/p>\n<div align=\"center\">Sorci\u00e8re au c\u0153ur bless\u00e9<\/div>\n<p>&nbsp;<\/p>\n<p><img loading=\"lazy\" class=\"alignnone size-medium\" src=\"http:\/\/www.famillejospin.ch\/laurentvalentin\/wp-content\/uploads\/2017\/03\/hommage_sml.jpg\" width=\"800\" height=\"630\" \/><\/p>\n<div align=\"center\">Hommage<\/div>\n<p>&nbsp;<\/p>\n<p><img loading=\"lazy\" class=\"alignnone size-medium\" src=\"http:\/\/www.famillejospin.ch\/laurentvalentin\/wp-content\/uploads\/2017\/03\/bibliotheque1_sml.jpg\" width=\"800\" height=\"572\" \/><\/p>\n<div align=\"center\">Biblioth\u00e8que<\/div>\n<p>&nbsp;<\/p>\n<p><img loading=\"lazy\" class=\"alignnone size-medium\" src=\"http:\/\/www.famillejospin.ch\/laurentvalentin\/wp-content\/uploads\/2017\/03\/dame_au_violon_sml.jpg\" width=\"800\" height=\"775\" \/><\/p>\n<div align=\"center\">Princesse au violon<\/div>\n<p>&nbsp;<\/p>\n<p><img loading=\"lazy\" class=\"alignnone size-medium\" src=\"http:\/\/www.famillejospin.ch\/laurentvalentin\/wp-content\/uploads\/2017\/03\/squirrels_city_sml.jpg\" width=\"653\" height=\"800\" \/><\/p>\n<div align=\"center\">Cit\u00e9 des \u00e9cureuils<\/div>\n<p>&nbsp;<\/p>\n<p><img loading=\"lazy\" class=\"alignnone size-medium\" src=\"http:\/\/www.famillejospin.ch\/laurentvalentin\/wp-content\/uploads\/2017\/03\/alchimie_sml.jpg\" width=\"659\" height=\"800\" \/><\/p>\n<div align=\"center\">D\u00e9mons alchimiques<\/div>\n<p>&nbsp;<\/p>\n<!-- AddThis Advanced Settings generic via filter on the_content --><!-- AddThis Share Buttons generic via filter on the_content -->","protected":false},"excerpt":{"rendered":"<p>Mandragore rouge Chemin sous les arbres Cit\u00e9 Nuit de cristal &nbsp; Sorci\u00e8re au c\u0153ur bless\u00e9 &nbsp; Hommage &nbsp; Biblioth\u00e8que &nbsp; Princesse au violon &nbsp; Cit\u00e9 des \u00e9cureuils &nbsp; D\u00e9mons alchimiques &nbsp;<!-- AddThis Advanced Settings generic via filter on get_the_excerpt --><!-- AddThis Share Buttons generic via filter on get_the_excerpt --><\/p>\n","protected":false},"author":1,"featured_media":0,"parent":0,"menu_order":0,"comment_status":"closed","ping_status":"closed","template":"","meta":{"_s2mail":""},"_links":{"self":[{"href":"https:\/\/www.famillejospin.ch\/laurentvalentin\/index.php\/wp-json\/wp\/v2\/pages\/69"}],"collection":[{"href":"https:\/\/www.famillejospin.ch\/laurentvalentin\/index.php\/wp-json\/wp\/v2\/pages"}],"about":[{"href":"https:\/\/www.famillejospin.ch\/laurentvalentin\/index.php\/wp-json\/wp\/v2\/types\/page"}],"author":[{"embeddable":true,"href":"https:\/\/www.famillejospin.ch\/laurentvalentin\/index.php\/wp-json\/wp\/v2\/users\/1"}],"replies":[{"embeddable":true,"href":"https:\/\/www.famillejospin.ch\/laurentvalentin\/index.php\/wp-json\/wp\/v2\/comments?post=69"}],"version-history":[{"count":4,"href":"https:\/\/www.famillejospin.ch\/laurentvalentin\/index.php\/wp-json\/wp\/v2\/pages\/69\/revisions"}],"predecessor-version":[{"id":91,"href":"https:\/\/www.famillejospin.ch\/laurentvalentin\/index.php\/wp-json\/wp\/v2\/pages\/69\/revisions\/91"}],"wp:attachment":[{"href":"https:\/\/www.famillejospin.ch\/laurentvalentin\/index.php\/wp-json\/wp\/v2\/media?parent=69"}],"curies":[{"name":"wp","href":"https:\/\/api.w.org\/{rel}","templated":true}]}}